{"id":9,"date":"2017-07-02T15:03:31","date_gmt":"2017-07-02T13:03:31","guid":{"rendered":"http:\/\/bordeaux167.legtux.org\/wpress\/?page_id=9"},"modified":"2026-01-25T22:26:36","modified_gmt":"2026-01-25T21:26:36","slug":"accueil","status":"publish","type":"page","link":"https:\/\/bordeaux167.legtux.org\/wpress\/","title":{"rendered":"Accueil"},"content":{"rendered":"<div id=\"pl-9\"  class=\"panel-layout\" >\n<div id=\"pg-9-0\"  class=\"panel-grid panel-has-style\"  data-style=\"{&quot;background_image_attachment&quot;:false,&quot;background_display&quot;:&quot;tile&quot;,&quot;full_height&quot;:&quot;&quot;,&quot;cell_alignment&quot;:&quot;flex-start&quot;,&quot;top-padding&quot;:&quot;20px&quot;,&quot;bottom-padding&quot;:&quot;20px&quot;,&quot;mobile-padding&quot;:&quot;25px&quot;,&quot;overlay&quot;:&quot;&quot;,&quot;overlay_color&quot;:&quot;#000000&quot;,&quot;fullscreen_mode&quot;:&quot;&quot;}\" >\n<div style=\"padding-top: 20px; padding-bottom: 20px; \" data-mobile-padding=\"25px\" data-overlay-color=\"#000000\" class=\"panel-row-style panel-row-style-for-9-0\" >\n<div id=\"pgc-9-0-0\"  class=\"panel-grid-cell\"  data-weight=\"0.25\" >\n<div id=\"panel-9-0-0-0\" class=\"so-panel widget widget_sow-editor panel-first-child panel-last-child\" data-index=\"0\" data-style=\"{&quot;background_display&quot;:&quot;tile&quot;,&quot;content_alignment&quot;:&quot;left&quot;,&quot;title_color&quot;:&quot;#2d3142&quot;,&quot;headings_color&quot;:&quot;#2d3142&quot;}\" >\n<div style=\"text-align: left;\" data-title-color=\"#2d3142\" data-headings-color=\"#2d3142\" class=\"panel-widget-style panel-widget-style-for-9-0-0-0\" >\n<div\n\t\t\t\n\t\t\tclass=\"so-widget-sow-editor so-widget-sow-editor-base\"\n\t\t\t\n\t\t><\/p>\n<div class=\"siteorigin-widget-tinymce textwidget\">\n<p style=\"text-align: center;\"><img loading=\"lazy\" decoding=\"async\" class=\"alignnone size-medium wp-image-330\" src=\"https:\/\/bordeaux167.legtux.org\/wpress\/wp-content\/uploads\/2017\/07\/logo_soce-300x161.jpg\" alt=\"\" width=\"300\" height=\"161\" srcset=\"https:\/\/bordeaux167.legtux.org\/wpress\/wp-content\/uploads\/2017\/07\/logo_soce-300x161.jpg 300w, https:\/\/bordeaux167.legtux.org\/wpress\/wp-content\/uploads\/2017\/07\/logo_soce-200x107.jpg 200w, https:\/\/bordeaux167.legtux.org\/wpress\/wp-content\/uploads\/2017\/07\/logo_soce.jpg 373w\" sizes=\"auto, (max-width: 300px) 100vw, 300px\" \/><\/p>\n<\/div>\n<\/div>\n<\/div>\n<\/div>\n<\/div>\n<div id=\"pgc-9-0-1\"  class=\"panel-grid-cell\"  data-weight=\"0.5\" >\n<div id=\"panel-9-0-1-0\" class=\"so-panel widget widget_sow-editor panel-first-child panel-last-child\" data-index=\"1\" data-style=\"{&quot;background_image_attachment&quot;:false,&quot;background_display&quot;:&quot;tile&quot;,&quot;background_image_size&quot;:&quot;full&quot;,&quot;background_image_opacity&quot;:&quot;100&quot;,&quot;border_thickness&quot;:&quot;1px&quot;,&quot;content_alignment&quot;:&quot;left&quot;,&quot;title_color&quot;:&quot;#2d3142&quot;,&quot;headings_color&quot;:&quot;#2d3142&quot;}\" >\n<div style=\"text-align: left;\" data-title-color=\"#2d3142\" data-headings-color=\"#2d3142\" class=\"panel-widget-style panel-widget-style-for-9-0-1-0\" >\n<div\n\t\t\t\n\t\t\tclass=\"so-widget-sow-editor so-widget-sow-editor-base\"\n\t\t\t\n\t\t><\/p>\n<div class=\"siteorigin-widget-tinymce textwidget\">\n<h4 id=\"pl-9\" class=\"panel-layout\" style=\"text-align: center;\">\u00a0<span style=\"color: #000080;\">Bienvenue sur le site de la promotion Bordeaux 167 de l&rsquo;ENSAM,\u00a0<\/span><span style=\"color: #000080;\">\u00c9cole Nationale Sup\u00e9rieure d&rsquo;Arts et M\u00e9tiers.<\/span><\/h4>\n<h4 style=\"text-align: center;\"><span style=\"color: #000080;\">Entr\u00e9s en octobre 1967, sortis en juillet 1971\u00a0<\/span><span style=\"color: #000080;\">nous sommes la 5\u00e8me promotion du centre de\u00a0<\/span><span style=\"color: #000080;\">Bordeaux-Talence. <\/span><\/h4>\n<h4 style=\"text-align: center;\"><span style=\"color: #000080;\">Sur ce site sont consign\u00e9es des informations sur l&rsquo;\u00e9cole, sur la vie de la promo et de ses membres depuis la fin des \u00e9tudes, des actualit\u00e9s et diverses publications qui nous int\u00e9ressent. <\/span><\/h4>\n<h4 style=\"text-align: center;\"><span style=\"color: #000080;\">Les informations sur l&rsquo;\u00e9cole et les organismes li\u00e9s sont accessibles <a href=\"https:\/\/bordeaux167.legtux.org\/wpress\/category\/qui-sommes-nous\/\">ICI.<\/a><\/span><\/h4>\n<p>&nbsp;<\/p>\n<\/div>\n<\/div>\n<\/div>\n<\/div>\n<\/div>\n<div id=\"pgc-9-0-2\"  class=\"panel-grid-cell\"  data-style=\"{&quot;background_display&quot;:&quot;tile&quot;,&quot;vertical_alignment&quot;:&quot;auto&quot;}\"  data-weight=\"0.25\" >\n<div id=\"panel-9-0-2-0\" class=\"so-panel widget widget_sow-editor panel-first-child panel-last-child\" data-index=\"2\" data-style=\"{&quot;background_display&quot;:&quot;tile&quot;,&quot;content_alignment&quot;:&quot;left&quot;,&quot;title_color&quot;:&quot;#2d3142&quot;,&quot;headings_color&quot;:&quot;#2d3142&quot;}\" >\n<div style=\"text-align: left;\" data-title-color=\"#2d3142\" data-headings-color=\"#2d3142\" class=\"panel-widget-style panel-widget-style-for-9-0-2-0\" >\n<div\n\t\t\t\n\t\t\tclass=\"so-widget-sow-editor so-widget-sow-editor-base\"\n\t\t\t\n\t\t><\/p>\n<div class=\"siteorigin-widget-tinymce textwidget\">\n<div style=\"text-align: center;\"><img loading=\"lazy\" decoding=\"async\" class=\"alignnone size-full wp-image-333\" src=\"https:\/\/bordeaux167.legtux.org\/wpress\/wp-content\/uploads\/2017\/07\/tabagns.jpg\" alt=\"\" width=\"190\" height=\"143\" \/><\/div>\n<\/div>\n<\/div>\n<\/div>\n<\/div>\n<\/div>\n<\/div>\n<\/div>\n<\/div>\n","protected":false},"excerpt":{"rendered":"<p>\u00a0Bienvenue sur le site de la promotion Bordeaux 167 de l&rsquo;ENSAM,\u00a0\u00c9cole Nationale Sup\u00e9rieure d&rsquo;Arts et <a class=\"read-more\" href=\"https:\/\/bordeaux167.legtux.org\/wpress\/\">Lire la suite<\/a><\/p>\n","protected":false},"author":1,"featured_media":0,"parent":0,"menu_order":0,"comment_status":"closed","ping_status":"closed","template":"page-templates\/template_fullwidth.php","meta":{"footnotes":""},"class_list":["post-9","page","type-page","status-publish","hentry","post-item clearfix"],"yoast_head":"<!-- This site is optimized with the Yoast SEO plugin v26.9 - https:\/\/yoast.com\/product\/yoast-seo-wordpress\/ -->\n<title>Accueil - Bordeaux 167<\/title>\n<meta name=\"robots\" content=\"index, follow, max-snippet:-1, max-image-preview:large, max-video-preview:-1\" \/>\n<link rel=\"canonical\" href=\"https:\/\/bordeaux167.legtux.org\/wpress\/\" class=\"yoast-seo-meta-tag\" \/>\n<meta property=\"og:locale\" content=\"fr_FR\" class=\"yoast-seo-meta-tag\" \/>\n<meta property=\"og:type\" content=\"article\" class=\"yoast-seo-meta-tag\" \/>\n<meta property=\"og:title\" content=\"Accueil - Bordeaux 167\" class=\"yoast-seo-meta-tag\" \/>\n<meta property=\"og:description\" content=\"\u00a0Bienvenue sur le site de la promotion Bordeaux 167 de l&rsquo;ENSAM,\u00a0\u00c9cole Nationale Sup\u00e9rieure d&rsquo;Arts et Lire la suite\" class=\"yoast-seo-meta-tag\" \/>\n<meta property=\"og:url\" content=\"https:\/\/bordeaux167.legtux.org\/wpress\/\" class=\"yoast-seo-meta-tag\" \/>\n<meta property=\"og:site_name\" content=\"Bordeaux 167\" class=\"yoast-seo-meta-tag\" \/>\n<meta property=\"article:modified_time\" content=\"2026-01-25T21:26:36+00:00\" class=\"yoast-seo-meta-tag\" \/>\n<meta property=\"og:image\" content=\"http:\/\/bordeaux167.legtux.org\/wpress\/wp-content\/uploads\/2017\/07\/logo_soce-300x161.jpg\" class=\"yoast-seo-meta-tag\" \/>\n<meta name=\"twitter:card\" content=\"summary_large_image\" class=\"yoast-seo-meta-tag\" \/>\n<meta name=\"twitter:label1\" content=\"Dur\u00e9e de lecture estim\u00e9e\" class=\"yoast-seo-meta-tag\" \/>\n\t<meta name=\"twitter:data1\" content=\"1 minute\" class=\"yoast-seo-meta-tag\" \/>\n<script type=\"application\/ld+json\" class=\"yoast-schema-graph\">{\"@context\":\"https:\/\/schema.org\",\"@graph\":[{\"@type\":\"WebPage\",\"@id\":\"https:\/\/bordeaux167.legtux.org\/wpress\/\",\"url\":\"https:\/\/bordeaux167.legtux.org\/wpress\/\",\"name\":\"Accueil - Bordeaux 167\",\"isPartOf\":{\"@id\":\"https:\/\/bordeaux167.legtux.org\/wpress\/#website\"},\"primaryImageOfPage\":{\"@id\":\"https:\/\/bordeaux167.legtux.org\/wpress\/#primaryimage\"},\"image\":{\"@id\":\"https:\/\/bordeaux167.legtux.org\/wpress\/#primaryimage\"},\"thumbnailUrl\":\"http:\/\/bordeaux167.legtux.org\/wpress\/wp-content\/uploads\/2017\/07\/logo_soce-300x161.jpg\",\"datePublished\":\"2017-07-02T13:03:31+00:00\",\"dateModified\":\"2026-01-25T21:26:36+00:00\",\"breadcrumb\":{\"@id\":\"https:\/\/bordeaux167.legtux.org\/wpress\/#breadcrumb\"},\"inLanguage\":\"fr-FR\",\"potentialAction\":[{\"@type\":\"ReadAction\",\"target\":[\"https:\/\/bordeaux167.legtux.org\/wpress\/\"]}]},{\"@type\":\"ImageObject\",\"inLanguage\":\"fr-FR\",\"@id\":\"https:\/\/bordeaux167.legtux.org\/wpress\/#primaryimage\",\"url\":\"http:\/\/bordeaux167.legtux.org\/wpress\/wp-content\/uploads\/2017\/07\/logo_soce-300x161.jpg\",\"contentUrl\":\"http:\/\/bordeaux167.legtux.org\/wpress\/wp-content\/uploads\/2017\/07\/logo_soce-300x161.jpg\"},{\"@type\":\"BreadcrumbList\",\"@id\":\"https:\/\/bordeaux167.legtux.org\/wpress\/#breadcrumb\",\"itemListElement\":[{\"@type\":\"ListItem\",\"position\":1,\"name\":\"Accueil\",\"item\":\"https:\/\/bordeaux167.legtux.org\/wpress\/\"},{\"@type\":\"ListItem\",\"position\":2,\"name\":\"Accueil\"}]},{\"@type\":\"WebSite\",\"@id\":\"https:\/\/bordeaux167.legtux.org\/wpress\/#website\",\"url\":\"https:\/\/bordeaux167.legtux.org\/wpress\/\",\"name\":\"Bordeaux 167\",\"description\":\"Vive la Bordeaux 167\",\"publisher\":{\"@id\":\"https:\/\/bordeaux167.legtux.org\/wpress\/#organization\"},\"potentialAction\":[{\"@type\":\"SearchAction\",\"target\":{\"@type\":\"EntryPoint\",\"urlTemplate\":\"https:\/\/bordeaux167.legtux.org\/wpress\/?s={search_term_string}\"},\"query-input\":{\"@type\":\"PropertyValueSpecification\",\"valueRequired\":true,\"valueName\":\"search_term_string\"}}],\"inLanguage\":\"fr-FR\"},{\"@type\":\"Organization\",\"@id\":\"https:\/\/bordeaux167.legtux.org\/wpress\/#organization\",\"name\":\"promotion Bordeaux 167\",\"url\":\"https:\/\/bordeaux167.legtux.org\/wpress\/\",\"logo\":{\"@type\":\"ImageObject\",\"inLanguage\":\"fr-FR\",\"@id\":\"https:\/\/bordeaux167.legtux.org\/wpress\/#\/schema\/logo\/image\/\",\"url\":\"http:\/\/bordeaux167.legtux.org\/wpress\/wp-content\/uploads\/2017\/07\/logo_200x80.jpg\",\"contentUrl\":\"http:\/\/bordeaux167.legtux.org\/wpress\/wp-content\/uploads\/2017\/07\/logo_200x80.jpg\",\"width\":200,\"height\":80,\"caption\":\"promotion Bordeaux 167\"},\"image\":{\"@id\":\"https:\/\/bordeaux167.legtux.org\/wpress\/#\/schema\/logo\/image\/\"}}]}<\/script>\n<!-- \/ Yoast SEO plugin. -->","yoast_head_json":{"title":"Accueil - Bordeaux 167","robots":{"index":"index","follow":"follow","max-snippet":"max-snippet:-1","max-image-preview":"max-image-preview:large","max-video-preview":"max-video-preview:-1"},"canonical":"https:\/\/bordeaux167.legtux.org\/wpress\/","og_locale":"fr_FR","og_type":"article","og_title":"Accueil - Bordeaux 167","og_description":"\u00a0Bienvenue sur le site de la promotion Bordeaux 167 de l&rsquo;ENSAM,\u00a0\u00c9cole Nationale Sup\u00e9rieure d&rsquo;Arts et Lire la suite","og_url":"https:\/\/bordeaux167.legtux.org\/wpress\/","og_site_name":"Bordeaux 167","article_modified_time":"2026-01-25T21:26:36+00:00","og_image":[{"url":"http:\/\/bordeaux167.legtux.org\/wpress\/wp-content\/uploads\/2017\/07\/logo_soce-300x161.jpg","type":"","width":"","height":""}],"twitter_card":"summary_large_image","twitter_misc":{"Dur\u00e9e de lecture estim\u00e9e":"1 minute"},"schema":{"@context":"https:\/\/schema.org","@graph":[{"@type":"WebPage","@id":"https:\/\/bordeaux167.legtux.org\/wpress\/","url":"https:\/\/bordeaux167.legtux.org\/wpress\/","name":"Accueil - Bordeaux 167","isPartOf":{"@id":"https:\/\/bordeaux167.legtux.org\/wpress\/#website"},"primaryImageOfPage":{"@id":"https:\/\/bordeaux167.legtux.org\/wpress\/#primaryimage"},"image":{"@id":"https:\/\/bordeaux167.legtux.org\/wpress\/#primaryimage"},"thumbnailUrl":"http:\/\/bordeaux167.legtux.org\/wpress\/wp-content\/uploads\/2017\/07\/logo_soce-300x161.jpg","datePublished":"2017-07-02T13:03:31+00:00","dateModified":"2026-01-25T21:26:36+00:00","breadcrumb":{"@id":"https:\/\/bordeaux167.legtux.org\/wpress\/#breadcrumb"},"inLanguage":"fr-FR","potentialAction":[{"@type":"ReadAction","target":["https:\/\/bordeaux167.legtux.org\/wpress\/"]}]},{"@type":"ImageObject","inLanguage":"fr-FR","@id":"https:\/\/bordeaux167.legtux.org\/wpress\/#primaryimage","url":"http:\/\/bordeaux167.legtux.org\/wpress\/wp-content\/uploads\/2017\/07\/logo_soce-300x161.jpg","contentUrl":"http:\/\/bordeaux167.legtux.org\/wpress\/wp-content\/uploads\/2017\/07\/logo_soce-300x161.jpg"},{"@type":"BreadcrumbList","@id":"https:\/\/bordeaux167.legtux.org\/wpress\/#breadcrumb","itemListElement":[{"@type":"ListItem","position":1,"name":"Accueil","item":"https:\/\/bordeaux167.legtux.org\/wpress\/"},{"@type":"ListItem","position":2,"name":"Accueil"}]},{"@type":"WebSite","@id":"https:\/\/bordeaux167.legtux.org\/wpress\/#website","url":"https:\/\/bordeaux167.legtux.org\/wpress\/","name":"Bordeaux 167","description":"Vive la Bordeaux 167","publisher":{"@id":"https:\/\/bordeaux167.legtux.org\/wpress\/#organization"},"potentialAction":[{"@type":"SearchAction","target":{"@type":"EntryPoint","urlTemplate":"https:\/\/bordeaux167.legtux.org\/wpress\/?s={search_term_string}"},"query-input":{"@type":"PropertyValueSpecification","valueRequired":true,"valueName":"search_term_string"}}],"inLanguage":"fr-FR"},{"@type":"Organization","@id":"https:\/\/bordeaux167.legtux.org\/wpress\/#organization","name":"promotion Bordeaux 167","url":"https:\/\/bordeaux167.legtux.org\/wpress\/","logo":{"@type":"ImageObject","inLanguage":"fr-FR","@id":"https:\/\/bordeaux167.legtux.org\/wpress\/#\/schema\/logo\/image\/","url":"http:\/\/bordeaux167.legtux.org\/wpress\/wp-content\/uploads\/2017\/07\/logo_200x80.jpg","contentUrl":"http:\/\/bordeaux167.legtux.org\/wpress\/wp-content\/uploads\/2017\/07\/logo_200x80.jpg","width":200,"height":80,"caption":"promotion Bordeaux 167"},"image":{"@id":"https:\/\/bordeaux167.legtux.org\/wpress\/#\/schema\/logo\/image\/"}}]}},"_links":{"self":[{"href":"https:\/\/bordeaux167.legtux.org\/wpress\/wp-json\/wp\/v2\/pages\/9","targetHints":{"allow":["GET"]}}],"collection":[{"href":"https:\/\/bordeaux167.legtux.org\/wpress\/wp-json\/wp\/v2\/pages"}],"about":[{"href":"https:\/\/bordeaux167.legtux.org\/wpress\/wp-json\/wp\/v2\/types\/page"}],"author":[{"embeddable":true,"href":"https:\/\/bordeaux167.legtux.org\/wpress\/wp-json\/wp\/v2\/users\/1"}],"replies":[{"embeddable":true,"href":"https:\/\/bordeaux167.legtux.org\/wpress\/wp-json\/wp\/v2\/comments?post=9"}],"version-history":[{"count":0,"href":"https:\/\/bordeaux167.legtux.org\/wpress\/wp-json\/wp\/v2\/pages\/9\/revisions"}],"wp:attachment":[{"href":"https:\/\/bordeaux167.legtux.org\/wpress\/wp-json\/wp\/v2\/media?parent=9"}],"curies":[{"name":"wp","href":"https:\/\/api.w.org\/{rel}","templated":true}]}}